{"id":6623,"date":"2025-10-21T20:17:00","date_gmt":"2025-10-21T18:17:00","guid":{"rendered":"https:\/\/www.pgwinti.ch\/?page_id=6623"},"modified":"2025-10-21T20:17:03","modified_gmt":"2025-10-21T18:17:03","slug":"selcuk-yuecel-2","status":"publish","type":"page","link":"https:\/\/www.pgwinti.ch\/?page_id=6623","title":{"rendered":"Ren\u00e9 Lang"},"content":{"rendered":"\n<style type=\"text\/css\" data-created_by=\"avia_inline_auto\" id=\"style-css-av-e5nxnm-6dd6c140d6274d39cfd78a3443ea845e\">\n.flex_column.av-e5nxnm-6dd6c140d6274d39cfd78a3443ea845e{\nborder-radius:0px 0px 0px 0px;\npadding:0px 0px 0px 0px;\n}\n<\/style>\n<div  class='flex_column av-e5nxnm-6dd6c140d6274d39cfd78a3443ea845e av_two_fifth  avia-builder-el-0  el_before_av_three_fifth  avia-builder-el-first  first flex_column_div av-zero-column-padding  '     ><style type=\"text\/css\" data-created_by=\"avia_inline_auto\" id=\"style-css-av-17vgj6-b16ca4af2c3183af296b73db4a793d12\">\n.avia-image-container.av-17vgj6-b16ca4af2c3183af296b73db4a793d12 img.avia_image{\nbox-shadow:none;\n}\n.avia-image-container.av-17vgj6-b16ca4af2c3183af296b73db4a793d12 .av-image-caption-overlay-center{\ncolor:#ffffff;\n}\n<\/style>\n<div  class='avia-image-container av-17vgj6-b16ca4af2c3183af296b73db4a793d12 av-styling- avia-align-center  avia-builder-el-1  avia-builder-el-no-sibling '   itemprop=\"image\" itemscope=\"itemscope\" itemtype=\"https:\/\/schema.org\/ImageObject\" ><div class=\"avia-image-container-inner\"><div class=\"avia-image-overlay-wrap\"><img decoding=\"async\" fetchpriority=\"high\" class='wp-image-6444 avia-img-lazy-loading-not-6444 avia_image ' src=\"https:\/\/www.pgwinti.ch\/wp-content\/uploads\/2025\/09\/ATN-19-Rene_Lang-225x300.jpg\" alt='' title='ATN-19-Rene_Lang'  height=\"300\" width=\"225\"  itemprop=\"thumbnailUrl\" srcset=\"https:\/\/www.pgwinti.ch\/wp-content\/uploads\/2025\/09\/ATN-19-Rene_Lang-225x300.jpg 225w, https:\/\/www.pgwinti.ch\/wp-content\/uploads\/2025\/09\/ATN-19-Rene_Lang-773x1030.jpg 773w, https:\/\/www.pgwinti.ch\/wp-content\/uploads\/2025\/09\/ATN-19-Rene_Lang-60x80.jpg 60w, https:\/\/www.pgwinti.ch\/wp-content\/uploads\/2025\/09\/ATN-19-Rene_Lang-768x1024.jpg 768w, https:\/\/www.pgwinti.ch\/wp-content\/uploads\/2025\/09\/ATN-19-Rene_Lang-1152x1536.jpg 1152w, https:\/\/www.pgwinti.ch\/wp-content\/uploads\/2025\/09\/ATN-19-Rene_Lang-1536x2048.jpg 1536w, https:\/\/www.pgwinti.ch\/wp-content\/uploads\/2025\/09\/ATN-19-Rene_Lang-900x1200.jpg 900w, https:\/\/www.pgwinti.ch\/wp-content\/uploads\/2025\/09\/ATN-19-Rene_Lang-1125x1500.jpg 1125w, https:\/\/www.pgwinti.ch\/wp-content\/uploads\/2025\/09\/ATN-19-Rene_Lang-529x705.jpg 529w, https:\/\/www.pgwinti.ch\/wp-content\/uploads\/2025\/09\/ATN-19-Rene_Lang.jpg 1875w\" sizes=\"(max-width: 225px) 100vw, 225px\" \/><\/div><\/div><\/div><\/div>\n<style type=\"text\/css\" data-created_by=\"avia_inline_auto\" id=\"style-css-av-abcxtu-bcf8a37b0fd1711030f5dbc268c39256\">\n.flex_column.av-abcxtu-bcf8a37b0fd1711030f5dbc268c39256{\nborder-radius:0px 0px 0px 0px;\npadding:0px 0px 0px 0px;\n}\n<\/style>\n<div  class='flex_column av-abcxtu-bcf8a37b0fd1711030f5dbc268c39256 av_three_fifth  avia-builder-el-2  el_after_av_two_fifth  el_before_av_hr  flex_column_div av-zero-column-padding  '     ><section  class='av_textblock_section av-92wpsy-db740643c31eb7181ef33c84cfd08666 '   itemscope=\"itemscope\" itemtype=\"https:\/\/schema.org\/CreativeWork\" ><div class='avia_textblock'  itemprop=\"text\" ><h3>Ren\u00e9 Lang<\/h3>\n<\/div><\/section><\/div><\/p>\n\n<style type=\"text\/css\" data-created_by=\"avia_inline_auto\" id=\"style-css-av-7z2tfm-518a637331c4c00ec43357fe9bcf9ad1\">\n#top .hr.hr-invisible.av-7z2tfm-518a637331c4c00ec43357fe9bcf9ad1{\nheight:50px;\n}\n<\/style>\n<div  class='hr av-7z2tfm-518a637331c4c00ec43357fe9bcf9ad1 hr-invisible  avia-builder-el-4  el_after_av_three_fifth  el_before_av_textblock '><span class='hr-inner '><span class=\"hr-inner-style\"><\/span><\/span><\/div>\n<section  class='av_textblock_section av-6hqt2a-b1c77054af313b9275378089bf97cf86 '   itemscope=\"itemscope\" itemtype=\"https:\/\/schema.org\/CreativeWork\" ><div class='avia_textblock'  itemprop=\"text\" ><div class=\"page\" title=\"Page 1\">\n<div class=\"layoutArea\">\n<div class=\"column\">\n<p>Hallo, ich heisse Ren\u00e9 Lang, bin aus Winterthur und seit 2019 Mitglied der Photographischen Gesellschaft Winterthur. Mein fotografischer Schwerpunkt liegt in der Landschafts- und Reisefotografie, wo ich mich besonders f\u00fcr Lichtstimmungen und Strukturen interessiere. Nebel, Sonnenstrahlen, Reflexionen oder Kontraste nutze ich, um R\u00e4ume und Formen sichtbar zu machen \u2013 oft auch in Schwarz-Weiss oder in sanften Pastellt\u00f6nen.<\/p>\n<p>Daneben besch\u00e4ftige ich mich mit Architektur, kulturellen Szenen und gelegentlich anderen Genres. Dabei geht es mir nicht um das rein Dokumentarische, sondern um eine bewusste Reduktion auf das Wesentliche, die Atmosph\u00e4re und Eigenart eines Moments sp\u00fcrbar werden l\u00e4sst. Dabei befasse ich mich mehr mit Kreativit\u00e4t als mit Fototechnik. Mein Leitsatz stammt daher auch von Henri Cartier-Bresson: <em>\u201eEs ist eine Illusion, dass Fotos mit der Kamera gemacht werden \u2026 sie entstehen im Kopf des Fotografen.\u201c<\/em><\/p>\n<\/div>\n<\/div>\n<\/div>\n<\/div><\/section>\n\n<style type=\"text\/css\" data-created_by=\"avia_inline_auto\" id=\"style-css-av-4jqvgy-0460801c1a964238ccb8b3a46434d419\">\n#top .hr.hr-invisible.av-4jqvgy-0460801c1a964238ccb8b3a46434d419{\nheight:50px;\n}\n<\/style>\n<div  class='hr av-4jqvgy-0460801c1a964238ccb8b3a46434d419 hr-invisible  avia-builder-el-6  el_after_av_textblock  el_before_av_textblock '><span class='hr-inner '><span class=\"hr-inner-style\"><\/span><\/span><\/div>\n<section  class='av_textblock_section av-2au2cy-06c12b6c68bf2f84255b5b6629562b5e '   itemscope=\"itemscope\" itemtype=\"https:\/\/schema.org\/CreativeWork\" ><div class='avia_textblock'  itemprop=\"text\" ><div id=\"jig1\" class=\"justified-image-grid jig-35c74d2e9b78477b2dc6837763319932 jig-preset-c3 jig-source-wp-gallery jig-rml-id-242\"><div class=\"jig-clearfix\"><\/div><noscript id=\"jig1-html\" class=\"justified-image-grid-html\" data-lazy-src=\"skiplazyload\" data-src=\"skipunveillazyload\"><ul><li><a href=\"https:\/\/www.pgwinti.ch\/wp-content\/uploads\/2025\/08\/Ritt-an-der-Nordsee-1200x675.jpg\"><img loading=\"lazy\" decoding=\"async\" src=\"https:\/\/www.pgwinti.ch\/wp-content\/plugins\/justified-image-grid\/timthumb.php?src=https%3A%2F%2Fwww.pgwinti.ch%2Fwp-content%2Fuploads%2F2025%2F08%2FRitt-an-der-Nordsee-1200x675.jpg&amp;h=230&amp;q=90&amp;f=.jpg\" alt=\"Ritt an der Nordsee\" width=\"408\" height=\"230\" \/><\/a><p class=\"jig-HTMLdescription\">Ritt an der Nordsee<\/p><\/li><li><a href=\"https:\/\/www.pgwinti.ch\/wp-content\/uploads\/2025\/08\/Leises-Leuchten-im-Appenzellerland-1200x675.jpg\"><img loading=\"lazy\" decoding=\"async\" src=\"https:\/\/www.pgwinti.ch\/wp-content\/plugins\/justified-image-grid\/timthumb.php?src=https%3A%2F%2Fwww.pgwinti.ch%2Fwp-content%2Fuploads%2F2025%2F08%2FLeises-Leuchten-im-Appenzellerland-1200x675.jpg&amp;h=230&amp;q=90&amp;f=.jpg\" alt=\"Leises Leuchten im Appenzellerland\" width=\"408\" height=\"230\" \/><\/a><p class=\"jig-HTMLdescription\">Leises Leuchten im Appenzellerland<\/p><\/li><li><a href=\"https:\/\/www.pgwinti.ch\/wp-content\/uploads\/2025\/08\/In-Dampf-und-Schwefel-auf-dem-Poas-1200x675.jpg\"><img loading=\"lazy\" decoding=\"async\" src=\"https:\/\/www.pgwinti.ch\/wp-content\/plugins\/justified-image-grid\/timthumb.php?src=https%3A%2F%2Fwww.pgwinti.ch%2Fwp-content%2Fuploads%2F2025%2F08%2FIn-Dampf-und-Schwefel-auf-dem-Poas-1200x675.jpg&amp;h=230&amp;q=90&amp;f=.jpg\" alt=\"In Dampf und Schwefel auf dem Poas\" width=\"408\" height=\"230\" \/><\/a><p class=\"jig-HTMLdescription\">In Dampf und Schwefel auf dem Poas<\/p><\/li><li><a href=\"https:\/\/www.pgwinti.ch\/wp-content\/uploads\/2025\/08\/Im-Kreise-des-Ewigen-Lebens-im-Isaan-1200x675.jpg\"><img loading=\"lazy\" decoding=\"async\" src=\"https:\/\/www.pgwinti.ch\/wp-content\/plugins\/justified-image-grid\/timthumb.php?src=https%3A%2F%2Fwww.pgwinti.ch%2Fwp-content%2Fuploads%2F2025%2F08%2FIm-Kreise-des-Ewigen-Lebens-im-Isaan-1200x675.jpg&amp;h=230&amp;q=90&amp;f=.jpg\" alt=\"Im Kreise des Ewigen Lebens im Isaan\" width=\"408\" height=\"230\" \/><\/a><p class=\"jig-HTMLdescription\">Im Kreise des Ewigen Lebens im Isaan<\/p><\/li><li><a href=\"https:\/\/www.pgwinti.ch\/wp-content\/uploads\/2025\/08\/Hoffnungsschimmer-in-der-Bretagne-1200x675.jpg\"><img loading=\"lazy\" decoding=\"async\" src=\"https:\/\/www.pgwinti.ch\/wp-content\/plugins\/justified-image-grid\/timthumb.php?src=https%3A%2F%2Fwww.pgwinti.ch%2Fwp-content%2Fuploads%2F2025%2F08%2FHoffnungsschimmer-in-der-Bretagne-1200x675.jpg&amp;h=230&amp;q=90&amp;f=.jpg\" alt=\"Hoffnungsschimmer in der Bretagne\" width=\"408\" height=\"230\" \/><\/a><p class=\"jig-HTMLdescription\">Hoffnungsschimmer in der Bretagne<\/p><\/li><li><a href=\"https:\/\/www.pgwinti.ch\/wp-content\/uploads\/2025\/08\/Eleganz-der-Spiegelungen-auf-Zypern-1200x675.jpg\"><img loading=\"lazy\" decoding=\"async\" src=\"https:\/\/www.pgwinti.ch\/wp-content\/plugins\/justified-image-grid\/timthumb.php?src=https%3A%2F%2Fwww.pgwinti.ch%2Fwp-content%2Fuploads%2F2025%2F08%2FEleganz-der-Spiegelungen-auf-Zypern-1200x675.jpg&amp;h=230&amp;q=90&amp;f=.jpg\" alt=\"Eleganz der Spiegelungen auf Zypern\" width=\"408\" height=\"230\" \/><\/a><p class=\"jig-HTMLdescription\">Eleganz der Spiegelungen auf Zypern<\/p><\/li><li><a href=\"https:\/\/www.pgwinti.ch\/wp-content\/uploads\/2025\/08\/Bergfrieden-in-Oesterreich-1200x686.jpg\"><img loading=\"lazy\" decoding=\"async\" src=\"https:\/\/www.pgwinti.ch\/wp-content\/plugins\/justified-image-grid\/timthumb.php?src=https%3A%2F%2Fwww.pgwinti.ch%2Fwp-content%2Fuploads%2F2025%2F08%2FBergfrieden-in-Oesterreich-1200x686.jpg&amp;h=230&amp;q=90&amp;f=.jpg\" alt=\"Bergfrieden in \u00d6sterreich\" width=\"402\" height=\"230\" \/><\/a><p class=\"jig-HTMLdescription\">Bergfrieden in \u00d6sterreich<\/p><\/li><li><a href=\"https:\/\/www.pgwinti.ch\/wp-content\/uploads\/2025\/08\/Auf-stillen-Pfaden-in-der-Toscana-1200x675.jpg\"><img loading=\"lazy\" decoding=\"async\" src=\"https:\/\/www.pgwinti.ch\/wp-content\/plugins\/justified-image-grid\/timthumb.php?src=https%3A%2F%2Fwww.pgwinti.ch%2Fwp-content%2Fuploads%2F2025%2F08%2FAuf-stillen-Pfaden-in-der-Toscana-1200x675.jpg&amp;h=230&amp;q=90&amp;f=.jpg\" alt=\"Auf stillen Pfaden in der Toscana\" width=\"408\" height=\"230\" \/><\/a><p class=\"jig-HTMLdescription\">Auf stillen Pfaden in der Toscana<\/p><\/li><\/ul><\/noscript><\/div>\n<\/div><\/section>\n","protected":false},"excerpt":{"rendered":"","protected":false},"author":4,"featured_media":0,"parent":160,"menu_order":0,"comment_status":"closed","ping_status":"closed","template":"","meta":{"_exactmetrics_skip_tracking":false,"_exactmetrics_sitenote_active":false,"_exactmetrics_sitenote_note":"","_exactmetrics_sitenote_category":0,"footnotes":""},"class_list":["post-6623","page","type-page","status-publish","hentry"],"_links":{"self":[{"href":"https:\/\/www.pgwinti.ch\/index.php?rest_route=\/wp\/v2\/pages\/6623","targetHints":{"allow":["GET"]}}],"collection":[{"href":"https:\/\/www.pgwinti.ch\/index.php?rest_route=\/wp\/v2\/pages"}],"about":[{"href":"https:\/\/www.pgwinti.ch\/index.php?rest_route=\/wp\/v2\/types\/page"}],"author":[{"embeddable":true,"href":"https:\/\/www.pgwinti.ch\/index.php?rest_route=\/wp\/v2\/users\/4"}],"replies":[{"embeddable":true,"href":"https:\/\/www.pgwinti.ch\/index.php?rest_route=%2Fwp%2Fv2%2Fcomments&post=6623"}],"version-history":[{"count":1,"href":"https:\/\/www.pgwinti.ch\/index.php?rest_route=\/wp\/v2\/pages\/6623\/revisions"}],"predecessor-version":[{"id":6628,"href":"https:\/\/www.pgwinti.ch\/index.php?rest_route=\/wp\/v2\/pages\/6623\/revisions\/6628"}],"up":[{"embeddable":true,"href":"https:\/\/www.pgwinti.ch\/index.php?rest_route=\/wp\/v2\/pages\/160"}],"wp:attachment":[{"href":"https:\/\/www.pgwinti.ch\/index.php?rest_route=%2Fwp%2Fv2%2Fmedia&parent=6623"}],"curies":[{"name":"wp","href":"https:\/\/api.w.org\/{rel}","templated":true}]}}