{"id":509,"date":"2017-11-15T18:42:14","date_gmt":"2017-11-15T17:42:14","guid":{"rendered":"http:\/\/pgwinti.ch\/?page_id=509"},"modified":"2017-11-24T00:27:00","modified_gmt":"2017-11-23T23:27:00","slug":"peter-bihr","status":"publish","type":"page","link":"https:\/\/www.pgwinti.ch\/?page_id=509","title":{"rendered":"Peter Bihr"},"content":{"rendered":"\n<style type=\"text\/css\" data-created_by=\"avia_inline_auto\" id=\"style-css-av-av_two_fifth-15d750bd1b332b34c6e70b077ebbccdf\">\n.flex_column.av-av_two_fifth-15d750bd1b332b34c6e70b077ebbccdf{\nborder-radius:0px 0px 0px 0px;\npadding:0px 0px 0px 0px;\n}\n<\/style>\n<div  class='flex_column av-av_two_fifth-15d750bd1b332b34c6e70b077ebbccdf av_two_fifth  avia-builder-el-0  el_before_av_three_fifth  avia-builder-el-first  first flex_column_div av-zero-column-padding  '     ><style type=\"text\/css\" data-created_by=\"avia_inline_auto\" id=\"style-css-av-av_image-e19a97362bdd2c312934125d4d905bd3\">\n.avia-image-container.av-av_image-e19a97362bdd2c312934125d4d905bd3 img.avia_image{\nbox-shadow:none;\n}\n.avia-image-container.av-av_image-e19a97362bdd2c312934125d4d905bd3 .av-image-caption-overlay-center{\ncolor:#ffffff;\n}\n<\/style>\n<div  class='avia-image-container av-av_image-e19a97362bdd2c312934125d4d905bd3 av-styling- avia-align-center  avia-builder-el-1  avia-builder-el-no-sibling '   itemprop=\"image\" itemscope=\"itemscope\" itemtype=\"https:\/\/schema.org\/ImageObject\" ><div class=\"avia-image-container-inner\"><div class=\"avia-image-overlay-wrap\"><img decoding=\"async\" fetchpriority=\"high\" class='wp-image-275 avia-img-lazy-loading-not-275 avia_image ' src=\"https:\/\/www.pgwinti.ch\/wp-content\/uploads\/2017\/11\/Peter-Bihr-300x300.jpg\" alt='' title='Peter Bihr'  height=\"300\" width=\"300\"  itemprop=\"thumbnailUrl\" srcset=\"https:\/\/www.pgwinti.ch\/wp-content\/uploads\/2017\/11\/Peter-Bihr-300x300.jpg 300w, https:\/\/www.pgwinti.ch\/wp-content\/uploads\/2017\/11\/Peter-Bihr-80x80.jpg 80w, https:\/\/www.pgwinti.ch\/wp-content\/uploads\/2017\/11\/Peter-Bihr-768x768.jpg 768w, https:\/\/www.pgwinti.ch\/wp-content\/uploads\/2017\/11\/Peter-Bihr-1030x1030.jpg 1030w, https:\/\/www.pgwinti.ch\/wp-content\/uploads\/2017\/11\/Peter-Bihr-160x160.jpg 160w, https:\/\/www.pgwinti.ch\/wp-content\/uploads\/2017\/11\/Peter-Bihr-36x36.jpg 36w, https:\/\/www.pgwinti.ch\/wp-content\/uploads\/2017\/11\/Peter-Bihr-180x180.jpg 180w, https:\/\/www.pgwinti.ch\/wp-content\/uploads\/2017\/11\/Peter-Bihr-1500x1500.jpg 1500w, https:\/\/www.pgwinti.ch\/wp-content\/uploads\/2017\/11\/Peter-Bihr-705x705.jpg 705w, https:\/\/www.pgwinti.ch\/wp-content\/uploads\/2017\/11\/Peter-Bihr-120x120.jpg 120w, https:\/\/www.pgwinti.ch\/wp-content\/uploads\/2017\/11\/Peter-Bihr-450x450.jpg 450w\" sizes=\"(max-width: 300px) 100vw, 300px\" \/><\/div><\/div><\/div><\/div>\n\n<style type=\"text\/css\" data-created_by=\"avia_inline_auto\" id=\"style-css-av-av_three_fifth-c8fc129dc35fd1ae2a1e410224d39ea8\">\n.flex_column.av-av_three_fifth-c8fc129dc35fd1ae2a1e410224d39ea8{\nborder-radius:0px 0px 0px 0px;\npadding:0px 0px 0px 0px;\n}\n<\/style>\n<div  class='flex_column av-av_three_fifth-c8fc129dc35fd1ae2a1e410224d39ea8 av_three_fifth  avia-builder-el-2  el_after_av_two_fifth  el_before_av_hr  flex_column_div av-zero-column-padding  '     ><section  class='av_textblock_section av-av_textblock-2de302bf1aa3cf4c9157dbe6f50ac7eb '   itemscope=\"itemscope\" itemtype=\"https:\/\/schema.org\/CreativeWork\" ><div class='avia_textblock'  itemprop=\"text\" ><h3>Peter Bihr<\/h3>\n<\/div><\/section><\/div>\n\n<style type=\"text\/css\" data-created_by=\"avia_inline_auto\" id=\"style-css-av-av_hr-4474f20d2389e2e5ecf918a02da5132e\">\n#top .hr.hr-invisible.av-av_hr-4474f20d2389e2e5ecf918a02da5132e{\nheight:50px;\n}\n<\/style>\n<div  class='hr av-av_hr-4474f20d2389e2e5ecf918a02da5132e hr-invisible  avia-builder-el-4  el_after_av_three_fifth  el_before_av_textblock '><span class='hr-inner '><span class=\"hr-inner-style\"><\/span><\/span><\/div>\n<section  class='av_textblock_section av-av_textblock-2de302bf1aa3cf4c9157dbe6f50ac7eb '   itemscope=\"itemscope\" itemtype=\"https:\/\/schema.org\/CreativeWork\" ><div class='avia_textblock'  itemprop=\"text\" ><p>&#8222;Es gibt wenig auf dieser Welt, das durch individuelles Sehen und mittels Fotografie nicht zum Motiv gemacht werden kann&#8220;.<\/p>\n<p>Dieses Leitmotiv passt zu meinem fotografischen Schwerpunkt der Reise- und Reportage-Fotografie. Das Thema ist vielseitig und umfasst People-, Tier-, Landschafts-, Makro-, Architektur- und Street-Fotografie. Somit bin ich eher der Allrounder als der Spezialist. Autodidaktisch und mit Kursen befasste ich mich immer intensiver mit der Fotografie. Im Jahr 1994 trat ich der &#8222;Photographischen Gesellschaft Winterthur&#8220; bei und bin seit 2005 auch deren Pr\u00e4sident. Zudem bin ich Mitglied bei &#8222;PhotoSuisse&#8220; und bei den &#8222;Naturfotografen Schweiz&#8220;.<\/p>\n<p>Durch meine fotografischen Schwerpunkte lege ich auch in der digitalen Fotografie weiterhin Wert auf das unverf\u00e4lschte Bild, so wie ich es erlebe. Deshalb wende ich keine Fotomontagen und Composing an, sondern beschr\u00e4nke mich auf die digitale Entwicklung der RAW-Bilder. Dadurch bin ich weniger in der k\u00fcnstlerischen und kreativen Szene, sondern in der dokumentarischen Fotografie zuhause.<\/p>\n<p>Meine momentane Nikon-Ausr\u00fcstung besteht aus den Kameras D800 und D810 sowie verschiedenen Nikkor (Zoom-) Objektiven mit Brennweiten von 14 bis 400 mm, zwei Systemblitzger\u00e4ten und diversem Zubeh\u00f6r.<\/p>\n<p>Wichtiger als die Ausr\u00fcstung sind die Idee und das Auge des Fotografen.<\/p>\n<\/div><\/section>\n\n<style type=\"text\/css\" data-created_by=\"avia_inline_auto\" id=\"style-css-av-av_hr-4474f20d2389e2e5ecf918a02da5132e\">\n#top .hr.hr-invisible.av-av_hr-4474f20d2389e2e5ecf918a02da5132e{\nheight:50px;\n}\n<\/style>\n<div  class='hr av-av_hr-4474f20d2389e2e5ecf918a02da5132e hr-invisible  avia-builder-el-6  el_after_av_textblock  el_before_av_textblock '><span class='hr-inner '><span class=\"hr-inner-style\"><\/span><\/span><\/div>\n<section  class='av_textblock_section av-av_textblock-2de302bf1aa3cf4c9157dbe6f50ac7eb '   itemscope=\"itemscope\" itemtype=\"https:\/\/schema.org\/CreativeWork\" ><div class='avia_textblock'  itemprop=\"text\" ><div id=\"jig1\" class=\"justified-image-grid jig-6a28a2571c05b936ef3b5171250520fc jig-preset-c3 jig-source-wp-gallery jig-rml-id-22\"><div class=\"jig-clearfix\"><\/div><noscript id=\"jig1-html\" class=\"justified-image-grid-html\" data-lazy-src=\"skiplazyload\" data-src=\"skipunveillazyload\"><ul><li><a href=\"https:\/\/www.pgwinti.ch\/wp-content\/uploads\/2017\/11\/10-20120527-BIP7027.jpg\"><img loading=\"lazy\" decoding=\"async\" src=\"https:\/\/www.pgwinti.ch\/wp-content\/plugins\/justified-image-grid\/timthumb.php?src=https%3A%2F%2Fwww.pgwinti.ch%2Fwp-content%2Fuploads%2F2017%2F11%2F10-20120527-BIP7027.jpg&amp;h=230&amp;q=90&amp;f=.jpg\" alt=\"Reisterrassen China\" width=\"345\" height=\"230\" \/><\/a><p class=\"jig-HTMLdescription\">Reisterrassen China<\/p><\/li><li><a href=\"https:\/\/www.pgwinti.ch\/wp-content\/uploads\/2017\/11\/13-20170513-BIR8154.jpg\"><img loading=\"lazy\" decoding=\"async\" src=\"https:\/\/www.pgwinti.ch\/wp-content\/plugins\/justified-image-grid\/timthumb.php?src=https%3A%2F%2Fwww.pgwinti.ch%2Fwp-content%2Fuploads%2F2017%2F11%2F13-20170513-BIR8154.jpg&amp;h=230&amp;q=90&amp;f=.jpg\" alt=\"fliegend\" width=\"344\" height=\"230\" \/><\/a><p class=\"jig-HTMLdescription\">fliegend<\/p><\/li><li><a href=\"https:\/\/www.pgwinti.ch\/wp-content\/uploads\/2017\/11\/12-20100902-BIP7280.jpg\"><img loading=\"lazy\" decoding=\"async\" src=\"https:\/\/www.pgwinti.ch\/wp-content\/plugins\/justified-image-grid\/timthumb.php?src=https%3A%2F%2Fwww.pgwinti.ch%2Fwp-content%2Fuploads%2F2017%2F11%2F12-20100902-BIP7280.jpg&amp;h=230&amp;q=90&amp;f=.jpg\" alt=\"Twin\" width=\"345\" height=\"230\" \/><\/a><p class=\"jig-HTMLdescription\">Twin<\/p><\/li><li><a href=\"https:\/\/www.pgwinti.ch\/wp-content\/uploads\/2017\/11\/11-20160221-BIR0566.jpg\"><img loading=\"lazy\" decoding=\"async\" src=\"https:\/\/www.pgwinti.ch\/wp-content\/plugins\/justified-image-grid\/timthumb.php?src=https%3A%2F%2Fwww.pgwinti.ch%2Fwp-content%2Fuploads%2F2017%2F11%2F11-20160221-BIR0566.jpg&amp;h=230&amp;q=90&amp;f=.jpg\" alt=\"Zebu-Karren in Myanmar\" width=\"344\" height=\"230\" \/><\/a><p class=\"jig-HTMLdescription\">Zebu-Karren in Myanmar<\/p><\/li><li><a href=\"https:\/\/www.pgwinti.ch\/wp-content\/uploads\/2017\/11\/09-20160228-BIR6984.jpg\"><img loading=\"lazy\" decoding=\"async\" src=\"https:\/\/www.pgwinti.ch\/wp-content\/plugins\/justified-image-grid\/timthumb.php?src=https%3A%2F%2Fwww.pgwinti.ch%2Fwp-content%2Fuploads%2F2017%2F11%2F09-20160228-BIR6984.jpg&amp;h=230&amp;q=90&amp;f=.jpg\" alt=\"Ein-Bein-Ruderer\" width=\"344\" height=\"230\" \/><\/a><p class=\"jig-HTMLdescription\">Ein-Bein-Ruderer<\/p><\/li><li><a href=\"https:\/\/www.pgwinti.ch\/wp-content\/uploads\/2017\/11\/08-20170610-BIR1685.jpg\"><img loading=\"lazy\" decoding=\"async\" src=\"https:\/\/www.pgwinti.ch\/wp-content\/plugins\/justified-image-grid\/timthumb.php?src=https%3A%2F%2Fwww.pgwinti.ch%2Fwp-content%2Fuploads%2F2017%2F11%2F08-20170610-BIR1685.jpg&amp;h=230&amp;q=90&amp;f=.jpg\" alt=\"Schlange\" width=\"344\" height=\"230\" \/><\/a><p class=\"jig-HTMLdescription\">Schlange<\/p><\/li><li><a href=\"https:\/\/www.pgwinti.ch\/wp-content\/uploads\/2017\/11\/07-20170327-BIP8189.jpg\"><img loading=\"lazy\" decoding=\"async\" src=\"https:\/\/www.pgwinti.ch\/wp-content\/plugins\/justified-image-grid\/timthumb.php?src=https%3A%2F%2Fwww.pgwinti.ch%2Fwp-content%2Fuploads%2F2017%2F11%2F07-20170327-BIP8189.jpg&amp;h=230&amp;q=90&amp;f=.jpg\" alt=\"Berg und Sterne\" width=\"344\" height=\"230\" \/><\/a><p class=\"jig-HTMLdescription\">Berg und Sterne<\/p><\/li><li><a href=\"https:\/\/www.pgwinti.ch\/wp-content\/uploads\/2017\/11\/06-20161123-BIR5737.jpg\"><img loading=\"lazy\" decoding=\"async\" src=\"https:\/\/www.pgwinti.ch\/wp-content\/plugins\/justified-image-grid\/timthumb.php?src=https%3A%2F%2Fwww.pgwinti.ch%2Fwp-content%2Fuploads%2F2017%2F11%2F06-20161123-BIR5737.jpg&amp;h=230&amp;q=90&amp;f=.jpg\" alt=\"Wasserspiel in Dubai\" width=\"344\" height=\"230\" \/><\/a><p class=\"jig-HTMLdescription\">Wasserspiel in Dubai<\/p><\/li><li><a href=\"https:\/\/www.pgwinti.ch\/wp-content\/uploads\/2017\/11\/05-20131119_BIP0734.jpg\"><img loading=\"lazy\" decoding=\"async\" src=\"https:\/\/www.pgwinti.ch\/wp-content\/plugins\/justified-image-grid\/timthumb.php?src=https%3A%2F%2Fwww.pgwinti.ch%2Fwp-content%2Fuploads%2F2017%2F11%2F05-20131119_BIP0734.jpg&amp;h=230&amp;q=90&amp;f=.jpg\" alt=\"Streetlife Kuba\" width=\"345\" height=\"230\" \/><\/a><p class=\"jig-HTMLdescription\">Streetlife Kuba<\/p><\/li><li><a href=\"https:\/\/www.pgwinti.ch\/wp-content\/uploads\/2017\/11\/04-20120523-BIP6098.jpg\"><img loading=\"lazy\" decoding=\"async\" src=\"https:\/\/www.pgwinti.ch\/wp-content\/plugins\/justified-image-grid\/timthumb.php?src=https%3A%2F%2Fwww.pgwinti.ch%2Fwp-content%2Fuploads%2F2017%2F11%2F04-20120523-BIP6098.jpg&amp;h=230&amp;q=90&amp;f=.jpg\" alt=\"Streetlife China\" width=\"345\" height=\"230\" \/><\/a><p class=\"jig-HTMLdescription\">Streetlife China<\/p><\/li><li><a href=\"https:\/\/www.pgwinti.ch\/wp-content\/uploads\/2017\/11\/03-20120527-BIP6679.jpg\"><img loading=\"lazy\" decoding=\"async\" src=\"https:\/\/www.pgwinti.ch\/wp-content\/plugins\/justified-image-grid\/timthumb.php?src=https%3A%2F%2Fwww.pgwinti.ch%2Fwp-content%2Fuploads%2F2017%2F11%2F03-20120527-BIP6679.jpg&amp;h=230&amp;q=90&amp;f=.jpg\" alt=\"Bettlerin in China\" width=\"345\" height=\"230\" \/><\/a><p class=\"jig-HTMLdescription\">Bettlerin in China<\/p><\/li><li><a href=\"https:\/\/www.pgwinti.ch\/wp-content\/uploads\/2017\/11\/02-20131029_BIP7520.jpg\"><img loading=\"lazy\" decoding=\"async\" src=\"https:\/\/www.pgwinti.ch\/wp-content\/plugins\/justified-image-grid\/timthumb.php?src=https%3A%2F%2Fwww.pgwinti.ch%2Fwp-content%2Fuploads%2F2017%2F11%2F02-20131029_BIP7520.jpg&amp;h=230&amp;q=90&amp;f=.jpg\" alt=\"Oldtimer Kuba\" width=\"344\" height=\"230\" \/><\/a><p class=\"jig-HTMLdescription\">Oldtimer Kuba<\/p><\/li><\/ul><\/noscript><\/div>\n<\/div><\/section>\n","protected":false},"excerpt":{"rendered":"","protected":false},"author":1,"featured_media":0,"parent":160,"menu_order":0,"comment_status":"closed","ping_status":"closed","template":"","meta":{"_exactmetrics_skip_tracking":false,"_exactmetrics_sitenote_active":false,"_exactmetrics_sitenote_note":"","_exactmetrics_sitenote_category":0,"footnotes":""},"class_list":["post-509","page","type-page","status-publish","hentry"],"_links":{"self":[{"href":"https:\/\/www.pgwinti.ch\/index.php?rest_route=\/wp\/v2\/pages\/509","targetHints":{"allow":["GET"]}}],"collection":[{"href":"https:\/\/www.pgwinti.ch\/index.php?rest_route=\/wp\/v2\/pages"}],"about":[{"href":"https:\/\/www.pgwinti.ch\/index.php?rest_route=\/wp\/v2\/types\/page"}],"author":[{"embeddable":true,"href":"https:\/\/www.pgwinti.ch\/index.php?rest_route=\/wp\/v2\/users\/1"}],"replies":[{"embeddable":true,"href":"https:\/\/www.pgwinti.ch\/index.php?rest_route=%2Fwp%2Fv2%2Fcomments&post=509"}],"version-history":[{"count":2,"href":"https:\/\/www.pgwinti.ch\/index.php?rest_route=\/wp\/v2\/pages\/509\/revisions"}],"predecessor-version":[{"id":983,"href":"https:\/\/www.pgwinti.ch\/index.php?rest_route=\/wp\/v2\/pages\/509\/revisions\/983"}],"up":[{"embeddable":true,"href":"https:\/\/www.pgwinti.ch\/index.php?rest_route=\/wp\/v2\/pages\/160"}],"wp:attachment":[{"href":"https:\/\/www.pgwinti.ch\/index.php?rest_route=%2Fwp%2Fv2%2Fmedia&parent=509"}],"curies":[{"name":"wp","href":"https:\/\/api.w.org\/{rel}","templated":true}]}}