{"id":13,"date":"2017-11-05T19:15:47","date_gmt":"2017-11-05T19:15:47","guid":{"rendered":"http:\/\/pgwinti.ch\/?page_id=13"},"modified":"2020-11-27T22:42:50","modified_gmt":"2020-11-27T21:42:50","slug":"homepage","status":"publish","type":"page","link":"https:\/\/www.pgwinti.ch\/","title":{"rendered":"Photographische Gesellschaft Winterthur"},"content":{"rendered":"\n<style type=\"text\/css\" data-created_by=\"avia_inline_auto\" id=\"style-css-av-4guzd-445a11755da292ecf608b91af6dffe98\">\n.flex_column.av-4guzd-445a11755da292ecf608b91af6dffe98{\nborder-radius:0px 0px 0px 0px;\npadding:0px 0px 0px 0px;\n}\n<\/style>\n<div  class='flex_column av-4guzd-445a11755da292ecf608b91af6dffe98 av_one_full  avia-builder-el-0  avia-builder-el-no-sibling  first flex_column_div av-zero-column-padding  '     ><section  class='av_textblock_section av-e00t-bd4bb08a3f074cbd71541ea341f7c8bb '   itemscope=\"itemscope\" itemtype=\"https:\/\/schema.org\/CreativeWork\" ><div class='avia_textblock'  itemprop=\"text\" ><h3>Willkommen auf der Webseite der Photographische Gesellschaft Winterthur<\/h3>\n<\/div><\/section><br \/>\n<section  class='av_textblock_section av-3jtph-c7b9f740e77ec5803f2f9fcdd8d5eac9 '   itemscope=\"itemscope\" itemtype=\"https:\/\/schema.org\/CreativeWork\" ><div class='avia_textblock'  itemprop=\"text\" ><div  class='hr av-2iugh-edbbfdf896ba78f9053259e21d3231d2 hr-default  avia-builder-el-3  avia-builder-el-no-sibling '><span class='hr-inner '><span class=\"hr-inner-style\"><\/span><\/span><\/div>\n<\/div><\/section><br \/>\n<section  class='av_textblock_section av-1w4k1-b3e86f69220a1008a7851947e327d119 '   itemscope=\"itemscope\" itemtype=\"https:\/\/schema.org\/CreativeWork\" ><div class='avia_textblock'  itemprop=\"text\" ><p>Wir freuen uns, dass Sie unsere Homepage besuchen. Sie werden Interessantes \u00fcber den Club, tolle Bilder der Mitglieder und vieles mehr entdecken.<\/p>\n<p>Sollten Sie Interessen an der Fotografie haben und vielleicht in der Region Winterthur wohnen, so freuen wir uns, Sie bei einer unserer Veranstaltungen pers\u00f6nlich begr\u00fcssen zu k\u00f6nnen. Auch Anf\u00e4nger sind beim Club jederzeit herzlich willkommen. Infos zu den Clubveranstaltungen und Themen der Clubabende finden Sie unter <a href=\"http:\/\/pgwinti.ch\/?page_id=68\">Programm<\/a>. Wir freuen uns auf Sie.<\/p>\n<\/div><\/section><br \/>\n\n<style type=\"text\/css\" data-created_by=\"avia_inline_auto\" id=\"style-css-av-1k45d-8af54cfe6e6021c70ff37f9de4d4e659\">\n#top .hr.hr-invisible.av-1k45d-8af54cfe6e6021c70ff37f9de4d4e659{\nheight:25px;\n}\n<\/style>\n<div  class='hr av-1k45d-8af54cfe6e6021c70ff37f9de4d4e659 hr-invisible  avia-builder-el-5  el_after_av_textblock  el_before_av_textblock '><span class='hr-inner '><span class=\"hr-inner-style\"><\/span><\/span><\/div><br \/>\n<section  class='av_textblock_section av-3rt9-8db278b9b95c76ff4e5789684e7db32e '   itemscope=\"itemscope\" itemtype=\"https:\/\/schema.org\/CreativeWork\" ><div class='avia_textblock'  itemprop=\"text\" ><p style=\"text-align: center;\"><\/p>\n<\/div><\/section><\/p><\/div>\n","protected":false},"excerpt":{"rendered":"","protected":false},"author":1,"featured_media":3653,"parent":0,"menu_order":0,"comment_status":"closed","ping_status":"closed","template":"","meta":{"_exactmetrics_skip_tracking":false,"_exactmetrics_sitenote_active":false,"_exactmetrics_sitenote_note":"","_exactmetrics_sitenote_category":0,"footnotes":""},"class_list":["post-13","page","type-page","status-publish","has-post-thumbnail","hentry"],"_links":{"self":[{"href":"https:\/\/www.pgwinti.ch\/index.php?rest_route=\/wp\/v2\/pages\/13","targetHints":{"allow":["GET"]}}],"collection":[{"href":"https:\/\/www.pgwinti.ch\/index.php?rest_route=\/wp\/v2\/pages"}],"about":[{"href":"https:\/\/www.pgwinti.ch\/index.php?rest_route=\/wp\/v2\/types\/page"}],"author":[{"embeddable":true,"href":"https:\/\/www.pgwinti.ch\/index.php?rest_route=\/wp\/v2\/users\/1"}],"replies":[{"embeddable":true,"href":"https:\/\/www.pgwinti.ch\/index.php?rest_route=%2Fwp%2Fv2%2Fcomments&post=13"}],"version-history":[{"count":77,"href":"https:\/\/www.pgwinti.ch\/index.php?rest_route=\/wp\/v2\/pages\/13\/revisions"}],"predecessor-version":[{"id":5591,"href":"https:\/\/www.pgwinti.ch\/index.php?rest_route=\/wp\/v2\/pages\/13\/revisions\/5591"}],"wp:featuredmedia":[{"embeddable":true,"href":"https:\/\/www.pgwinti.ch\/index.php?rest_route=\/wp\/v2\/media\/3653"}],"wp:attachment":[{"href":"https:\/\/www.pgwinti.ch\/index.php?rest_route=%2Fwp%2Fv2%2Fmedia&parent=13"}],"curies":[{"name":"wp","href":"https:\/\/api.w.org\/{rel}","templated":true}]}}