{"id":1250,"date":"2017-12-17T21:10:54","date_gmt":"2017-12-17T20:10:54","guid":{"rendered":"https:\/\/www.pgwinti.ch\/?page_id=1250"},"modified":"2025-10-21T21:05:51","modified_gmt":"2025-10-21T19:05:51","slug":"selcuk-yuecel","status":"publish","type":"page","link":"https:\/\/www.pgwinti.ch\/?page_id=1250","title":{"rendered":"Selcuk Yuecel"},"content":{"rendered":"\n<style type=\"text\/css\" data-created_by=\"avia_inline_auto\" id=\"style-css-av-e5nxnm-6dd6c140d6274d39cfd78a3443ea845e\">\n.flex_column.av-e5nxnm-6dd6c140d6274d39cfd78a3443ea845e{\nborder-radius:0px 0px 0px 0px;\npadding:0px 0px 0px 0px;\n}\n<\/style>\n<div  class='flex_column av-e5nxnm-6dd6c140d6274d39cfd78a3443ea845e av_two_fifth  avia-builder-el-0  el_before_av_three_fifth  avia-builder-el-first  first flex_column_div av-zero-column-padding  '     ><style type=\"text\/css\" data-created_by=\"avia_inline_auto\" id=\"style-css-av-17vgj6-14e521d979b764cd5cf1bff86e29d6ff\">\n.avia-image-container.av-17vgj6-14e521d979b764cd5cf1bff86e29d6ff img.avia_image{\nbox-shadow:none;\n}\n.avia-image-container.av-17vgj6-14e521d979b764cd5cf1bff86e29d6ff .av-image-caption-overlay-center{\ncolor:#ffffff;\n}\n<\/style>\n<div  class='avia-image-container av-17vgj6-14e521d979b764cd5cf1bff86e29d6ff av-styling- avia-align-center  avia-builder-el-1  avia-builder-el-no-sibling '   itemprop=\"image\" itemscope=\"itemscope\" itemtype=\"https:\/\/schema.org\/ImageObject\" ><div class=\"avia-image-container-inner\"><div class=\"avia-image-overlay-wrap\"><img decoding=\"async\" fetchpriority=\"high\" class='wp-image-6636 avia-img-lazy-loading-not-6636 avia_image ' src=\"https:\/\/www.pgwinti.ch\/wp-content\/uploads\/2025\/10\/SelcukYuecel-240x300.jpeg\" alt='' title='SelcukYuecel'  height=\"300\" width=\"240\"  itemprop=\"thumbnailUrl\" srcset=\"https:\/\/www.pgwinti.ch\/wp-content\/uploads\/2025\/10\/SelcukYuecel-240x300.jpeg 240w, https:\/\/www.pgwinti.ch\/wp-content\/uploads\/2025\/10\/SelcukYuecel-824x1030.jpeg 824w, https:\/\/www.pgwinti.ch\/wp-content\/uploads\/2025\/10\/SelcukYuecel-64x80.jpeg 64w, https:\/\/www.pgwinti.ch\/wp-content\/uploads\/2025\/10\/SelcukYuecel-768x960.jpeg 768w, https:\/\/www.pgwinti.ch\/wp-content\/uploads\/2025\/10\/SelcukYuecel-1229x1536.jpeg 1229w, https:\/\/www.pgwinti.ch\/wp-content\/uploads\/2025\/10\/SelcukYuecel-1638x2048.jpeg 1638w, https:\/\/www.pgwinti.ch\/wp-content\/uploads\/2025\/10\/SelcukYuecel-960x1200.jpeg 960w, https:\/\/www.pgwinti.ch\/wp-content\/uploads\/2025\/10\/SelcukYuecel-1200x1500.jpeg 1200w, https:\/\/www.pgwinti.ch\/wp-content\/uploads\/2025\/10\/SelcukYuecel-564x705.jpeg 564w, https:\/\/www.pgwinti.ch\/wp-content\/uploads\/2025\/10\/SelcukYuecel.jpeg 2000w\" sizes=\"(max-width: 240px) 100vw, 240px\" \/><\/div><\/div><\/div><\/div>\n<style type=\"text\/css\" data-created_by=\"avia_inline_auto\" id=\"style-css-av-abcxtu-bcf8a37b0fd1711030f5dbc268c39256\">\n.flex_column.av-abcxtu-bcf8a37b0fd1711030f5dbc268c39256{\nborder-radius:0px 0px 0px 0px;\npadding:0px 0px 0px 0px;\n}\n<\/style>\n<div  class='flex_column av-abcxtu-bcf8a37b0fd1711030f5dbc268c39256 av_three_fifth  avia-builder-el-2  el_after_av_two_fifth  el_before_av_hr  flex_column_div av-zero-column-padding  '     ><section  class='av_textblock_section av-92wpsy-190d4bda0a70cd4590602e7c2b8d9694 '   itemscope=\"itemscope\" itemtype=\"https:\/\/schema.org\/CreativeWork\" ><div class='avia_textblock'  itemprop=\"text\" ><h3>Selcuk Yuecel<\/h3>\n<\/div><\/section><\/div><\/p>\n\n<style type=\"text\/css\" data-created_by=\"avia_inline_auto\" id=\"style-css-av-7z2tfm-518a637331c4c00ec43357fe9bcf9ad1\">\n#top .hr.hr-invisible.av-7z2tfm-518a637331c4c00ec43357fe9bcf9ad1{\nheight:50px;\n}\n<\/style>\n<div  class='hr av-7z2tfm-518a637331c4c00ec43357fe9bcf9ad1 hr-invisible  avia-builder-el-4  el_after_av_three_fifth  el_before_av_textblock '><span class='hr-inner '><span class=\"hr-inner-style\"><\/span><\/span><\/div>\n<section  class='av_textblock_section av-6hqt2a-43d2c8c284a52703480ae628eca7242a '   itemscope=\"itemscope\" itemtype=\"https:\/\/schema.org\/CreativeWork\" ><div class='avia_textblock'  itemprop=\"text\" ><div class=\"page\" title=\"Page 1\">\n<div class=\"layoutArea\">\n<div class=\"column\">\n<p>Mein Name ist Selcuk Yuecel und ich komme aus Winterthur. Ich fotografiere alles was mich inspiriert und will das Allt\u00e4gliche auf meinen Fotos zum Ausdruck bringen. Das Fotografieren ist seit vielen Jahren eine grosse Leidenschaft von mir und ich bin seit 2016 Mitglied der Photographischen Gesellschaft Winterthur und Photosuisse. Ich freue mich jeden zweiten Freitag meine Vereins Kollegen zu treffen und \u00fcber die Fotografie zu diskutieren und dabei immer wieder was Neues auszutauschen.<\/p>\n<p>Vor 15 Jahren kaufte ich mir meine erste Digitale Kamera und seitdem bin ich tagt\u00e4glich aktiv am Fotografieren. Fotografieren bedeutet f\u00fcr mich nicht nur, mit Licht zu malen, sondern mit den sich bietenden M\u00f6glichkeiten zu spielen und neue Wege der kreativen Bildgestaltung f\u00fcr mich zu entdecken. Ich lasse mich von meiner Umgebung inspirieren und probiere die besten Augenblicke und Momente f\u00fcr mich festzuhalten.<\/p>\n<p>Mich faszinieren Umgebungen mit ausgefallenen Geometrien und kleinen Dingen an denen man normalerweise vorbei l\u00e4uft.<\/p>\n<p>Ich habe mich in den letzten Jahren zus\u00e4tzlich noch auf Reflexionen und Urbane Landschaftsfotografien spezialisiert und versuche mich darin t\u00e4glich zu verbessern!<\/p>\n<\/div>\n<\/div>\n<\/div>\n<\/div><\/section>\n\n<style type=\"text\/css\" data-created_by=\"avia_inline_auto\" id=\"style-css-av-4jqvgy-0460801c1a964238ccb8b3a46434d419\">\n#top .hr.hr-invisible.av-4jqvgy-0460801c1a964238ccb8b3a46434d419{\nheight:50px;\n}\n<\/style>\n<div  class='hr av-4jqvgy-0460801c1a964238ccb8b3a46434d419 hr-invisible  avia-builder-el-6  el_after_av_textblock  el_before_av_textblock '><span class='hr-inner '><span class=\"hr-inner-style\"><\/span><\/span><\/div>\n<section  class='av_textblock_section av-2au2cy-56611335f3cfec38b104814191a3ca1d '   itemscope=\"itemscope\" itemtype=\"https:\/\/schema.org\/CreativeWork\" ><div class='avia_textblock'  itemprop=\"text\" ><div id=\"jig1\" class=\"justified-image-grid jig-fcacef80c0320f0614292270d6b0a261 jig-preset-c3 jig-source-wp-gallery jig-rml-id-70\"><div class=\"jig-clearfix\"><\/div><noscript id=\"jig1-html\" class=\"justified-image-grid-html\" data-lazy-src=\"skiplazyload\" data-src=\"skipunveillazyload\"><ul><li><a href=\"https:\/\/www.pgwinti.ch\/wp-content\/uploads\/2025\/10\/P3310062-Verbessert-RR-1200x900.jpg\"><img loading=\"lazy\" decoding=\"async\" src=\"https:\/\/www.pgwinti.ch\/wp-content\/plugins\/justified-image-grid\/timthumb.php?src=https%3A%2F%2Fwww.pgwinti.ch%2Fwp-content%2Fuploads%2F2025%2F10%2FP3310062-Verbessert-RR-1200x900.jpg&amp;h=230&amp;q=90&amp;f=.jpg\" alt=\"Kreuzspinne\" width=\"306\" height=\"230\" \/><\/a><p class=\"jig-HTMLdescription\">Kreuzspinne<\/p><\/li><li><a href=\"https:\/\/www.pgwinti.ch\/wp-content\/uploads\/2025\/10\/20250824-DSC_0960-1200x800.jpg\"><img loading=\"lazy\" decoding=\"async\" src=\"https:\/\/www.pgwinti.ch\/wp-content\/plugins\/justified-image-grid\/timthumb.php?src=https%3A%2F%2Fwww.pgwinti.ch%2Fwp-content%2Fuploads%2F2025%2F10%2F20250824-DSC_0960-1200x800.jpg&amp;h=230&amp;q=90&amp;f=.jpg\" alt=\"Shadows\" width=\"345\" height=\"230\" \/><\/a><p class=\"jig-HTMLdescription\">Shadows<\/p><\/li><li><a href=\"https:\/\/www.pgwinti.ch\/wp-content\/uploads\/2025\/10\/20251008-P1020269-900x1200.jpg\"><img loading=\"lazy\" decoding=\"async\" src=\"https:\/\/www.pgwinti.ch\/wp-content\/plugins\/justified-image-grid\/timthumb.php?src=https%3A%2F%2Fwww.pgwinti.ch%2Fwp-content%2Fuploads%2F2025%2F10%2F20251008-P1020269-900x1200.jpg&amp;h=230&amp;q=90&amp;f=.jpg\" alt=\"Madrid-Teatro Calderon\" width=\"172\" height=\"230\" \/><\/a><p class=\"jig-HTMLdescription\">Madrid-Teatro Calderon<\/p><\/li><li><a href=\"https:\/\/www.pgwinti.ch\/wp-content\/uploads\/2025\/10\/20250309-P3090084-1200x900.jpg\"><img loading=\"lazy\" decoding=\"async\" src=\"https:\/\/www.pgwinti.ch\/wp-content\/plugins\/justified-image-grid\/timthumb.php?src=https%3A%2F%2Fwww.pgwinti.ch%2Fwp-content%2Fuploads%2F2025%2F10%2F20250309-P3090084-1200x900.jpg&amp;h=230&amp;q=90&amp;f=.jpg\" alt=\"The Cube - Winterthur\" width=\"306\" height=\"230\" \/><\/a><p class=\"jig-HTMLdescription\">The Cube - Winterthur<\/p><\/li><li><a href=\"https:\/\/www.pgwinti.ch\/wp-content\/uploads\/2025\/10\/PB080133-1200x900.jpg\"><img loading=\"lazy\" decoding=\"async\" src=\"https:\/\/www.pgwinti.ch\/wp-content\/plugins\/justified-image-grid\/timthumb.php?src=https%3A%2F%2Fwww.pgwinti.ch%2Fwp-content%2Fuploads%2F2025%2F10%2FPB080133-1200x900.jpg&amp;h=230&amp;q=90&amp;f=.jpg\" alt=\"London\" width=\"306\" height=\"230\" \/><\/a><p class=\"jig-HTMLdescription\">London<\/p><\/li><li><a href=\"https:\/\/www.pgwinti.ch\/wp-content\/uploads\/2020\/11\/IMG_6593-1-1200x800.jpg\"><img loading=\"lazy\" decoding=\"async\" src=\"https:\/\/www.pgwinti.ch\/wp-content\/plugins\/justified-image-grid\/timthumb.php?src=https%3A%2F%2Fwww.pgwinti.ch%2Fwp-content%2Fuploads%2F2020%2F11%2FIMG_6593-1-1200x800.jpg&amp;h=230&amp;q=90&amp;f=.jpg\" alt=\"Ready to fly\" width=\"345\" height=\"230\" \/><\/a><p class=\"jig-HTMLdescription\">Ready to fly<\/p><\/li><li><a href=\"https:\/\/www.pgwinti.ch\/wp-content\/uploads\/2017\/12\/Rychenberg-Park_Winterthur-1200x800.jpg\"><img loading=\"lazy\" decoding=\"async\" src=\"https:\/\/www.pgwinti.ch\/wp-content\/plugins\/justified-image-grid\/timthumb.php?src=https%3A%2F%2Fwww.pgwinti.ch%2Fwp-content%2Fuploads%2F2017%2F12%2FRychenberg-Park_Winterthur-1200x800.jpg&amp;h=230&amp;q=90&amp;f=.jpg\" alt=\"Rychenberg Park Winterthur\" width=\"345\" height=\"230\" \/><\/a><p class=\"jig-HTMLdescription\">Rychenberg Park Winterthur<\/p><\/li><li><a href=\"https:\/\/www.pgwinti.ch\/wp-content\/uploads\/2017\/12\/Grossm\u00fcnster_Z\u00fcrich-1200x800.jpg\"><img loading=\"lazy\" decoding=\"async\" src=\"https:\/\/www.pgwinti.ch\/wp-content\/plugins\/justified-image-grid\/timthumb.php?src=https%3A%2F%2Fwww.pgwinti.ch%2Fwp-content%2Fuploads%2F2017%2F12%2FGrossm%C3%BCnster_Z%C3%BCrich-1200x800.jpg&amp;h=230&amp;q=90&amp;f=.jpg\" alt=\"Grossm\u00fcnster Z\u00fcrich\" width=\"345\" height=\"230\" \/><\/a><p class=\"jig-HTMLdescription\">Grossm\u00fcnster Z\u00fcrich<\/p><\/li><li><a href=\"https:\/\/www.pgwinti.ch\/wp-content\/uploads\/2017\/12\/Z\u00fcrich-by-Night_Z\u00fcrich-1200x800.jpg\"><img loading=\"lazy\" decoding=\"async\" src=\"https:\/\/www.pgwinti.ch\/wp-content\/plugins\/justified-image-grid\/timthumb.php?src=https%3A%2F%2Fwww.pgwinti.ch%2Fwp-content%2Fuploads%2F2017%2F12%2FZ%C3%BCrich-by-Night_Z%C3%BCrich-1200x800.jpg&amp;h=230&amp;q=90&amp;f=.jpg\" alt=\"Z\u00fcrich by Night\" width=\"345\" height=\"230\" \/><\/a><p class=\"jig-HTMLdescription\">Z\u00fcrich by Night<\/p><\/li><li><a href=\"https:\/\/www.pgwinti.ch\/wp-content\/uploads\/2017\/12\/Sunset-Portoferraio_Elba-1200x800.jpg\"><img loading=\"lazy\" decoding=\"async\" src=\"https:\/\/www.pgwinti.ch\/wp-content\/plugins\/justified-image-grid\/timthumb.php?src=https%3A%2F%2Fwww.pgwinti.ch%2Fwp-content%2Fuploads%2F2017%2F12%2FSunset-Portoferraio_Elba-1200x800.jpg&amp;h=230&amp;q=90&amp;f=.jpg\" alt=\"Sunset Portoferraio Elba\" width=\"345\" height=\"230\" \/><\/a><p class=\"jig-HTMLdescription\">Sunset Portoferraio Elba<\/p><\/li><li><a href=\"https:\/\/www.pgwinti.ch\/wp-content\/uploads\/2017\/12\/Eiszeit_Serneus-1200x800.jpg\"><img loading=\"lazy\" decoding=\"async\" src=\"https:\/\/www.pgwinti.ch\/wp-content\/plugins\/justified-image-grid\/timthumb.php?src=https%3A%2F%2Fwww.pgwinti.ch%2Fwp-content%2Fuploads%2F2017%2F12%2FEiszeit_Serneus-1200x800.jpg&amp;h=230&amp;q=90&amp;f=.jpg\" alt=\"Eiszeit Serneus\" width=\"345\" height=\"230\" \/><\/a><p class=\"jig-HTMLdescription\">Eiszeit Serneus<\/p><\/li><li><a href=\"https:\/\/www.pgwinti.ch\/wp-content\/uploads\/2017\/12\/Die-Blaue-T\u00fcr-_Elba-900x1200.jpg\"><img loading=\"lazy\" decoding=\"async\" src=\"https:\/\/www.pgwinti.ch\/wp-content\/plugins\/justified-image-grid\/timthumb.php?src=https%3A%2F%2Fwww.pgwinti.ch%2Fwp-content%2Fuploads%2F2017%2F12%2FDie-Blaue-T%C3%BCr-_Elba-900x1200.jpg&amp;h=230&amp;q=90&amp;f=.jpg\" alt=\"Die Blaue T\u00fcr Elba\" width=\"172\" height=\"230\" \/><\/a><p class=\"jig-HTMLdescription\">Die Blaue T\u00fcr Elba<\/p><\/li><\/ul><\/noscript><\/div>\n<\/div><\/section>\n","protected":false},"excerpt":{"rendered":"","protected":false},"author":1,"featured_media":0,"parent":160,"menu_order":0,"comment_status":"closed","ping_status":"closed","template":"","meta":{"_exactmetrics_skip_tracking":false,"_exactmetrics_sitenote_active":false,"_exactmetrics_sitenote_note":"","_exactmetrics_sitenote_category":0,"footnotes":""},"class_list":["post-1250","page","type-page","status-publish","hentry"],"_links":{"self":[{"href":"https:\/\/www.pgwinti.ch\/index.php?rest_route=\/wp\/v2\/pages\/1250","targetHints":{"allow":["GET"]}}],"collection":[{"href":"https:\/\/www.pgwinti.ch\/index.php?rest_route=\/wp\/v2\/pages"}],"about":[{"href":"https:\/\/www.pgwinti.ch\/index.php?rest_route=\/wp\/v2\/types\/page"}],"author":[{"embeddable":true,"href":"https:\/\/www.pgwinti.ch\/index.php?rest_route=\/wp\/v2\/users\/1"}],"replies":[{"embeddable":true,"href":"https:\/\/www.pgwinti.ch\/index.php?rest_route=%2Fwp%2Fv2%2Fcomments&post=1250"}],"version-history":[{"count":6,"href":"https:\/\/www.pgwinti.ch\/index.php?rest_route=\/wp\/v2\/pages\/1250\/revisions"}],"predecessor-version":[{"id":6637,"href":"https:\/\/www.pgwinti.ch\/index.php?rest_route=\/wp\/v2\/pages\/1250\/revisions\/6637"}],"up":[{"embeddable":true,"href":"https:\/\/www.pgwinti.ch\/index.php?rest_route=\/wp\/v2\/pages\/160"}],"wp:attachment":[{"href":"https:\/\/www.pgwinti.ch\/index.php?rest_route=%2Fwp%2Fv2%2Fmedia&parent=1250"}],"curies":[{"name":"wp","href":"https:\/\/api.w.org\/{rel}","templated":true}]}}